{"id":11698,"date":"2021-04-13T14:08:43","date_gmt":"2021-04-13T14:08:43","guid":{"rendered":"https:\/\/cable.gerlach-machinery.com\/glossar\/"},"modified":"2022-06-07T09:12:42","modified_gmt":"2022-06-07T09:12:42","slug":"glossar","status":"publish","type":"page","link":"https:\/\/cable.gerlach-machinery.com\/de\/start\/glossar\/","title":{"rendered":"Glossar"},"content":{"rendered":"\t\t<div data-elementor-type=\"wp-page\" data-elementor-id=\"11698\" class=\"elementor elementor-11698 elementor-5114\" data-elementor-post-type=\"page\">\n\t\t\t\t\t\t<section class=\"elementor-section elementor-top-section elementor-element elementor-element-e9d536e elementor-section-full_width elementor-section-height-default elementor-section-height-default\" data-id=\"e9d536e\" data-element_type=\"section\" data-settings=\"{&quot;animation_mobile&quot;:&quot;none&quot;,&quot;background_background&quot;:&quot;classic&quot;}\">\n\t\t\t\t\t\t<div class=\"elementor-container elementor-column-gap-no\">\n\t\t\t\t\t<div class=\"elementor-column elementor-col-100 elementor-top-column elementor-element elementor-element-14ee542\" data-id=\"14ee542\" data-element_type=\"column\">\n\t\t\t<div class=\"elementor-widget-wrap elementor-element-populated\">\n\t\t\t\t\t\t<section class=\"elementor-section elementor-inner-section elementor-element elementor-element-eac838c elementor-section-full_width elementor-section-height-default elementor-section-height-default\" data-id=\"eac838c\" data-element_type=\"section\" data-settings=\"{&quot;background_background&quot;:&quot;gradient&quot;}\">\n\t\t\t\t\t\t<div class=\"elementor-container elementor-column-gap-no\">\n\t\t\t\t\t<div class=\"elementor-column elementor-col-50 elementor-inner-column elementor-element elementor-element-df419f2\" data-id=\"df419f2\" data-element_type=\"column\" data-settings=\"{&quot;background_background&quot;:&quot;classic&quot;}\">\n\t\t\t<div class=\"elementor-widget-wrap elementor-element-populated\">\n\t\t\t\t\t\t<div class=\"elementor-element elementor-element-1dc021a elementor-align-right elementor-absolute elementor-widget elementor-widget-lottie\" data-id=\"1dc021a\" data-element_type=\"widget\" data-settings=\"{&quot;source&quot;:&quot;external_url&quot;,&quot;source_external_url&quot;:{&quot;url&quot;:&quot;https:\\\/\\\/assets10.lottiefiles.com\\\/packages\\\/lf20_fyye8szy.json&quot;,&quot;is_external&quot;:&quot;&quot;,&quot;nofollow&quot;:&quot;&quot;,&quot;custom_attributes&quot;:&quot;&quot;},&quot;loop&quot;:&quot;yes&quot;,&quot;play_speed&quot;:{&quot;unit&quot;:&quot;px&quot;,&quot;size&quot;:0.5,&quot;sizes&quot;:[]},&quot;_position&quot;:&quot;absolute&quot;,&quot;link_to&quot;:&quot;none&quot;,&quot;trigger&quot;:&quot;arriving_to_viewport&quot;,&quot;viewport&quot;:{&quot;unit&quot;:&quot;%&quot;,&quot;size&quot;:&quot;&quot;,&quot;sizes&quot;:{&quot;start&quot;:0,&quot;end&quot;:100}},&quot;start_point&quot;:{&quot;unit&quot;:&quot;%&quot;,&quot;size&quot;:0,&quot;sizes&quot;:[]},&quot;end_point&quot;:{&quot;unit&quot;:&quot;%&quot;,&quot;size&quot;:100,&quot;sizes&quot;:[]},&quot;renderer&quot;:&quot;svg&quot;}\" data-widget_type=\"lottie.default\">\n\t\t\t\t<div class=\"elementor-widget-container\">\n\t\t\t<div class=\"e-lottie__container\"><div class=\"e-lottie__animation\"><\/div><\/div>\t\t<\/div>\n\t\t\t\t<\/div>\n\t\t\t\t\t<\/div>\n\t\t<\/div>\n\t\t\t\t<div class=\"elementor-column elementor-col-50 elementor-inner-column elementor-element elementor-element-08cd6c4\" data-id=\"08cd6c4\" data-element_type=\"column\" data-settings=\"{&quot;background_background&quot;:&quot;classic&quot;}\">\n\t\t\t<div class=\"elementor-widget-wrap elementor-element-populated\">\n\t\t\t\t\t\t<div class=\"elementor-element elementor-element-7712b85 elementor-align-left elementor-tablet-align-left elementor-mobile-align-left elementor-widget elementor-widget-breadcrumbs\" data-id=\"7712b85\" data-element_type=\"widget\" data-widget_type=\"breadcrumbs.default\">\n\t\t\t\t<div class=\"elementor-widget-container\">\n\t\t\t<p id=\"breadcrumbs\"><\/p>\t\t<\/div>\n\t\t\t\t<\/div>\n\t\t\t\t\t<\/div>\n\t\t<\/div>\n\t\t\t\t\t<\/div>\n\t\t<\/section>\n\t\t\t\t\t<\/div>\n\t\t<\/div>\n\t\t\t\t\t<\/div>\n\t\t<\/section>\n\t\t\t\t<section class=\"elementor-section elementor-top-section elementor-element elementor-element-2564c43 elementor-section-height-min-height elementor-section-boxed elementor-section-height-default elementor-section-items-middle\" data-id=\"2564c43\" data-element_type=\"section\" data-settings=\"{&quot;background_background&quot;:&quot;classic&quot;}\">\n\t\t\t\t\t\t\t<div class=\"elementor-background-overlay\"><\/div>\n\t\t\t\t\t\t\t<div class=\"elementor-container elementor-column-gap-default\">\n\t\t\t\t\t<div class=\"elementor-column elementor-col-100 elementor-top-column elementor-element elementor-element-d429d70\" data-id=\"d429d70\" data-element_type=\"column\">\n\t\t\t<div class=\"elementor-widget-wrap elementor-element-populated\">\n\t\t\t\t\t\t<section class=\"elementor-section elementor-inner-section elementor-element elementor-element-9b324f8 elementor-section-boxed elementor-section-height-default elementor-section-height-default\" data-id=\"9b324f8\" data-element_type=\"section\">\n\t\t\t\t\t\t<div class=\"elementor-container elementor-column-gap-default\">\n\t\t\t\t\t<div class=\"elementor-column elementor-col-100 elementor-inner-column elementor-element elementor-element-cc45727\" data-id=\"cc45727\" data-element_type=\"column\">\n\t\t\t<div class=\"elementor-widget-wrap elementor-element-populated\">\n\t\t\t\t\t\t<div class=\"elementor-element elementor-element-741767d elementor-widget elementor-widget-heading\" data-id=\"741767d\" data-element_type=\"widget\" data-widget_type=\"heading.default\">\n\t\t\t\t<div class=\"elementor-widget-container\">\n\t\t\t<h1 class=\"elementor-heading-title elementor-size-default\">GLOSSAR<\/h1>\t\t<\/div>\n\t\t\t\t<\/div>\n\t\t\t\t<div class=\"elementor-element elementor-element-e7afd24 elementor-tablet-align-center elementor-align-center elementor-widget elementor-widget-lottie\" data-id=\"e7afd24\" data-element_type=\"widget\" data-settings=\"{&quot;source&quot;:&quot;external_url&quot;,&quot;source_external_url&quot;:{&quot;url&quot;:&quot;https:\\\/\\\/assets9.lottiefiles.com\\\/packages\\\/lf20_cmaqoazd.json&quot;,&quot;is_external&quot;:&quot;&quot;,&quot;nofollow&quot;:&quot;&quot;,&quot;custom_attributes&quot;:&quot;&quot;},&quot;loop&quot;:&quot;yes&quot;,&quot;link_to&quot;:&quot;none&quot;,&quot;trigger&quot;:&quot;arriving_to_viewport&quot;,&quot;viewport&quot;:{&quot;unit&quot;:&quot;%&quot;,&quot;size&quot;:&quot;&quot;,&quot;sizes&quot;:{&quot;start&quot;:0,&quot;end&quot;:100}},&quot;play_speed&quot;:{&quot;unit&quot;:&quot;px&quot;,&quot;size&quot;:1,&quot;sizes&quot;:[]},&quot;start_point&quot;:{&quot;unit&quot;:&quot;%&quot;,&quot;size&quot;:0,&quot;sizes&quot;:[]},&quot;end_point&quot;:{&quot;unit&quot;:&quot;%&quot;,&quot;size&quot;:100,&quot;sizes&quot;:[]},&quot;renderer&quot;:&quot;svg&quot;}\" data-widget_type=\"lottie.default\">\n\t\t\t\t<div class=\"elementor-widget-container\">\n\t\t\t<div class=\"e-lottie__container\"><div class=\"e-lottie__animation\"><\/div><\/div>\t\t<\/div>\n\t\t\t\t<\/div>\n\t\t\t\t<div class=\"elementor-element elementor-element-3f7df17 elementor-widget elementor-widget-heading\" data-id=\"3f7df17\" data-element_type=\"widget\" data-widget_type=\"heading.default\">\n\t\t\t\t<div class=\"elementor-widget-container\">\n\t\t\t<h2 class=\"elementor-heading-title elementor-size-default\">in Bearbeitung<\/h2>\t\t<\/div>\n\t\t\t\t<\/div>\n\t\t\t\t\t<\/div>\n\t\t<\/div>\n\t\t\t\t\t<\/div>\n\t\t<\/section>\n\t\t\t\t\t<\/div>\n\t\t<\/div>\n\t\t\t\t\t<\/div>\n\t\t<\/section>\n\t\t\t\t<\/div>\n\t\t","protected":false},"excerpt":{"rendered":"<p>GLOSSAR in Bearbeitung<\/p>\n","protected":false},"author":2,"featured_media":11799,"parent":9602,"menu_order":0,"comment_status":"closed","ping_status":"open","template":"elementor_header_footer","meta":{"footnotes":""},"class_list":["post-11698","page","type-page","status-publish","has-post-thumbnail","hentry"],"yoast_head":"<!-- This site is optimized with the Yoast SEO plugin v23.9 - https:\/\/yoast.com\/wordpress\/plugins\/seo\/ -->\n<title>Glossar | GERLACH MASCHINENBAU<\/title>\n<meta name=\"description\" content=\"Unser Glossar ist eine Liste von Fachbegriffen mit beigef\u00fcgten Bedeutungserkl\u00e4rungen oder \u00dcbersetzungen.\" \/>\n<meta name=\"robots\" content=\"index, follow, max-snippet:-1, max-image-preview:large, max-video-preview:-1\" \/>\n<link rel=\"canonical\" href=\"https:\/\/cable.gerlach-machinery.com\/home\/glossary\/\" \/>\n<meta property=\"og:locale\" content=\"de_DE\" \/>\n<meta property=\"og:type\" content=\"article\" \/>\n<meta property=\"og:title\" content=\"Glossar | GERLACH MASCHINENBAU\" \/>\n<meta property=\"og:description\" content=\"Unser Glossar ist eine Liste von Fachbegriffen mit beigef\u00fcgten Bedeutungserkl\u00e4rungen oder \u00dcbersetzungen.\" \/>\n<meta property=\"og:url\" content=\"https:\/\/cable.gerlach-machinery.com\/home\/glossary\/\" \/>\n<meta property=\"og:site_name\" content=\"Gerlach Maschinenbau GmbH - Cable Division\" \/>\n<meta property=\"article:modified_time\" content=\"2022-06-07T09:12:42+00:00\" \/>\n<meta property=\"og:image\" content=\"https:\/\/cable.gerlach-machinery.com\/wp-content\/uploads\/2022\/06\/glossary-scaled.jpg\" \/>\n\t<meta property=\"og:image:width\" content=\"2560\" \/>\n\t<meta property=\"og:image:height\" content=\"1707\" \/>\n\t<meta property=\"og:image:type\" content=\"image\/jpeg\" \/>\n<meta name=\"twitter:card\" content=\"summary_large_image\" \/>\n<meta name=\"twitter:label1\" content=\"Gesch\u00e4tzte Lesezeit\" \/>\n\t<meta name=\"twitter:data1\" content=\"1\u00a0Minute\" \/>\n<script type=\"application\/ld+json\" class=\"yoast-schema-graph\">{\"@context\":\"https:\/\/schema.org\",\"@graph\":[{\"@type\":\"WebPage\",\"@id\":\"https:\/\/cable.gerlach-machinery.com\/home\/glossary\/\",\"url\":\"https:\/\/cable.gerlach-machinery.com\/home\/glossary\/\",\"name\":\"Glossar | GERLACH MASCHINENBAU\",\"isPartOf\":{\"@id\":\"https:\/\/cable.gerlach-machinery.com\/#website\"},\"primaryImageOfPage\":{\"@id\":\"https:\/\/cable.gerlach-machinery.com\/home\/glossary\/#primaryimage\"},\"image\":{\"@id\":\"https:\/\/cable.gerlach-machinery.com\/home\/glossary\/#primaryimage\"},\"thumbnailUrl\":\"https:\/\/cable.gerlach-machinery.com\/wp-content\/uploads\/2022\/06\/glossary-scaled.jpg\",\"datePublished\":\"2021-04-13T14:08:43+00:00\",\"dateModified\":\"2022-06-07T09:12:42+00:00\",\"description\":\"Unser Glossar ist eine Liste von Fachbegriffen mit beigef\u00fcgten Bedeutungserkl\u00e4rungen oder \u00dcbersetzungen.\",\"breadcrumb\":{\"@id\":\"https:\/\/cable.gerlach-machinery.com\/home\/glossary\/#breadcrumb\"},\"inLanguage\":\"de\",\"potentialAction\":[{\"@type\":\"ReadAction\",\"target\":[\"https:\/\/cable.gerlach-machinery.com\/home\/glossary\/\"]}]},{\"@type\":\"ImageObject\",\"inLanguage\":\"de\",\"@id\":\"https:\/\/cable.gerlach-machinery.com\/home\/glossary\/#primaryimage\",\"url\":\"https:\/\/cable.gerlach-machinery.com\/wp-content\/uploads\/2022\/06\/glossary-scaled.jpg\",\"contentUrl\":\"https:\/\/cable.gerlach-machinery.com\/wp-content\/uploads\/2022\/06\/glossary-scaled.jpg\",\"width\":2560,\"height\":1707},{\"@type\":\"BreadcrumbList\",\"@id\":\"https:\/\/cable.gerlach-machinery.com\/home\/glossary\/#breadcrumb\",\"itemListElement\":[{\"@type\":\"ListItem\",\"position\":1,\"name\":\"Start\",\"item\":\"https:\/\/cable.gerlach-machinery.com\/\"},{\"@type\":\"ListItem\",\"position\":2,\"name\":\"Glossar\"}]},{\"@type\":\"WebSite\",\"@id\":\"https:\/\/cable.gerlach-machinery.com\/#website\",\"url\":\"https:\/\/cable.gerlach-machinery.com\/\",\"name\":\"Gerlach Maschinenbau GmbH - Cable Division\",\"description\":\"Cable Division | Hot Air Vulcanization\",\"potentialAction\":[{\"@type\":\"SearchAction\",\"target\":{\"@type\":\"EntryPoint\",\"urlTemplate\":\"https:\/\/cable.gerlach-machinery.com\/?s={search_term_string}\"},\"query-input\":{\"@type\":\"PropertyValueSpecification\",\"valueRequired\":true,\"valueName\":\"search_term_string\"}}],\"inLanguage\":\"de\"}]}<\/script>\n<!-- \/ Yoast SEO plugin. -->","yoast_head_json":{"title":"Glossar | GERLACH MASCHINENBAU","description":"Unser Glossar ist eine Liste von Fachbegriffen mit beigef\u00fcgten Bedeutungserkl\u00e4rungen oder \u00dcbersetzungen.","robots":{"index":"index","follow":"follow","max-snippet":"max-snippet:-1","max-image-preview":"max-image-preview:large","max-video-preview":"max-video-preview:-1"},"canonical":"https:\/\/cable.gerlach-machinery.com\/home\/glossary\/","og_locale":"de_DE","og_type":"article","og_title":"Glossar | GERLACH MASCHINENBAU","og_description":"Unser Glossar ist eine Liste von Fachbegriffen mit beigef\u00fcgten Bedeutungserkl\u00e4rungen oder \u00dcbersetzungen.","og_url":"https:\/\/cable.gerlach-machinery.com\/home\/glossary\/","og_site_name":"Gerlach Maschinenbau GmbH - Cable Division","article_modified_time":"2022-06-07T09:12:42+00:00","og_image":[{"width":2560,"height":1707,"url":"https:\/\/cable.gerlach-machinery.com\/wp-content\/uploads\/2022\/06\/glossary-scaled.jpg","type":"image\/jpeg"}],"twitter_card":"summary_large_image","twitter_misc":{"Gesch\u00e4tzte Lesezeit":"1\u00a0Minute"},"schema":{"@context":"https:\/\/schema.org","@graph":[{"@type":"WebPage","@id":"https:\/\/cable.gerlach-machinery.com\/home\/glossary\/","url":"https:\/\/cable.gerlach-machinery.com\/home\/glossary\/","name":"Glossar | GERLACH MASCHINENBAU","isPartOf":{"@id":"https:\/\/cable.gerlach-machinery.com\/#website"},"primaryImageOfPage":{"@id":"https:\/\/cable.gerlach-machinery.com\/home\/glossary\/#primaryimage"},"image":{"@id":"https:\/\/cable.gerlach-machinery.com\/home\/glossary\/#primaryimage"},"thumbnailUrl":"https:\/\/cable.gerlach-machinery.com\/wp-content\/uploads\/2022\/06\/glossary-scaled.jpg","datePublished":"2021-04-13T14:08:43+00:00","dateModified":"2022-06-07T09:12:42+00:00","description":"Unser Glossar ist eine Liste von Fachbegriffen mit beigef\u00fcgten Bedeutungserkl\u00e4rungen oder \u00dcbersetzungen.","breadcrumb":{"@id":"https:\/\/cable.gerlach-machinery.com\/home\/glossary\/#breadcrumb"},"inLanguage":"de","potentialAction":[{"@type":"ReadAction","target":["https:\/\/cable.gerlach-machinery.com\/home\/glossary\/"]}]},{"@type":"ImageObject","inLanguage":"de","@id":"https:\/\/cable.gerlach-machinery.com\/home\/glossary\/#primaryimage","url":"https:\/\/cable.gerlach-machinery.com\/wp-content\/uploads\/2022\/06\/glossary-scaled.jpg","contentUrl":"https:\/\/cable.gerlach-machinery.com\/wp-content\/uploads\/2022\/06\/glossary-scaled.jpg","width":2560,"height":1707},{"@type":"BreadcrumbList","@id":"https:\/\/cable.gerlach-machinery.com\/home\/glossary\/#breadcrumb","itemListElement":[{"@type":"ListItem","position":1,"name":"Start","item":"https:\/\/cable.gerlach-machinery.com\/"},{"@type":"ListItem","position":2,"name":"Glossar"}]},{"@type":"WebSite","@id":"https:\/\/cable.gerlach-machinery.com\/#website","url":"https:\/\/cable.gerlach-machinery.com\/","name":"Gerlach Maschinenbau GmbH - Cable Division","description":"Cable Division | Hot Air Vulcanization","potentialAction":[{"@type":"SearchAction","target":{"@type":"EntryPoint","urlTemplate":"https:\/\/cable.gerlach-machinery.com\/?s={search_term_string}"},"query-input":{"@type":"PropertyValueSpecification","valueRequired":true,"valueName":"search_term_string"}}],"inLanguage":"de"}]}},"_links":{"self":[{"href":"https:\/\/cable.gerlach-machinery.com\/de\/wp-json\/wp\/v2\/pages\/11698","targetHints":{"allow":["GET"]}}],"collection":[{"href":"https:\/\/cable.gerlach-machinery.com\/de\/wp-json\/wp\/v2\/pages"}],"about":[{"href":"https:\/\/cable.gerlach-machinery.com\/de\/wp-json\/wp\/v2\/types\/page"}],"author":[{"embeddable":true,"href":"https:\/\/cable.gerlach-machinery.com\/de\/wp-json\/wp\/v2\/users\/2"}],"replies":[{"embeddable":true,"href":"https:\/\/cable.gerlach-machinery.com\/de\/wp-json\/wp\/v2\/comments?post=11698"}],"version-history":[{"count":7,"href":"https:\/\/cable.gerlach-machinery.com\/de\/wp-json\/wp\/v2\/pages\/11698\/revisions"}],"predecessor-version":[{"id":12452,"href":"https:\/\/cable.gerlach-machinery.com\/de\/wp-json\/wp\/v2\/pages\/11698\/revisions\/12452"}],"up":[{"embeddable":true,"href":"https:\/\/cable.gerlach-machinery.com\/de\/wp-json\/wp\/v2\/pages\/9602"}],"wp:featuredmedia":[{"embeddable":true,"href":"https:\/\/cable.gerlach-machinery.com\/de\/wp-json\/wp\/v2\/media\/11799"}],"wp:attachment":[{"href":"https:\/\/cable.gerlach-machinery.com\/de\/wp-json\/wp\/v2\/media?parent=11698"}],"curies":[{"name":"wp","href":"https:\/\/api.w.org\/{rel}","templated":true}]}}