{"id":8175,"date":"2021-02-22T10:31:14","date_gmt":"2021-02-22T10:31:14","guid":{"rendered":"https:\/\/cable.gerlach-machinery.com\/startseite\/wire-division-products\/"},"modified":"2022-08-17T14:53:45","modified_gmt":"2022-08-17T14:53:45","slug":"produkte","status":"publish","type":"page","link":"https:\/\/cable.gerlach-machinery.com\/de\/start\/produkte\/","title":{"rendered":"Produkte"},"content":{"rendered":"\t\t<div data-elementor-type=\"wp-page\" data-elementor-id=\"8175\" class=\"elementor elementor-8175 elementor-2399\" data-elementor-post-type=\"page\">\n\t\t\t\t\t\t<section class=\"elementor-section elementor-top-section elementor-element elementor-element-2564c43 elementor-section-height-min-height elementor-section-boxed elementor-section-height-default elementor-section-items-middle\" data-id=\"2564c43\" data-element_type=\"section\" data-settings=\"{&quot;background_background&quot;:&quot;video&quot;,&quot;background_video_link&quot;:&quot;http:\\\/\\\/cable.gerlach-machinery.com\\\/wp-content\\\/uploads\\\/2021\\\/02\\\/GERLACH-WIRE-TEASER-1.mp4&quot;,&quot;background_play_on_mobile&quot;:&quot;yes&quot;}\">\n\t\t\t\t\t\t\t\t<div class=\"elementor-background-video-container\">\n\t\t\t\t\t\t\t\t\t\t\t\t\t<video class=\"elementor-background-video-hosted elementor-html5-video\" autoplay muted playsinline loop><\/video>\n\t\t\t\t\t\t\t\t\t\t\t<\/div>\n\t\t\t\t\t\t\t\t\t<div class=\"elementor-background-overlay\"><\/div>\n\t\t\t\t\t\t\t<div class=\"elementor-container elementor-column-gap-default\">\n\t\t\t\t\t<div class=\"elementor-column elementor-col-100 elementor-top-column elementor-element elementor-element-d429d70\" data-id=\"d429d70\" data-element_type=\"column\">\n\t\t\t<div class=\"elementor-widget-wrap elementor-element-populated\">\n\t\t\t\t\t\t<div class=\"elementor-element elementor-element-741767d elementor-widget elementor-widget-heading\" data-id=\"741767d\" data-element_type=\"widget\" data-widget_type=\"heading.default\">\n\t\t\t\t<div class=\"elementor-widget-container\">\n\t\t\t<h1 class=\"elementor-heading-title elementor-size-default\">PRODUKTE<\/h1>\t\t<\/div>\n\t\t\t\t<\/div>\n\t\t\t\t<section class=\"elementor-section elementor-inner-section elementor-element elementor-element-9b324f8 elementor-section-boxed elementor-section-height-default elementor-section-height-default\" data-id=\"9b324f8\" data-element_type=\"section\">\n\t\t\t\t\t\t<div class=\"elementor-container elementor-column-gap-default\">\n\t\t\t\t\t<div class=\"elementor-column elementor-col-100 elementor-inner-column elementor-element elementor-element-cc45727\" data-id=\"cc45727\" data-element_type=\"column\">\n\t\t\t<div class=\"elementor-widget-wrap elementor-element-populated\">\n\t\t\t\t\t\t<div class=\"elementor-element elementor-element-d49064f elementor-widget elementor-widget-heading\" data-id=\"d49064f\" data-element_type=\"widget\" data-widget_type=\"heading.default\">\n\t\t\t\t<div class=\"elementor-widget-container\">\n\t\t\t<h2 class=\"elementor-heading-title elementor-size-default\">CABLE DIVISION<\/h2>\t\t<\/div>\n\t\t\t\t<\/div>\n\t\t\t\t\t<\/div>\n\t\t<\/div>\n\t\t\t\t\t<\/div>\n\t\t<\/section>\n\t\t\t\t\t<\/div>\n\t\t<\/div>\n\t\t\t\t\t<\/div>\n\t\t<\/section>\n\t\t\t\t<section class=\"elementor-section elementor-top-section elementor-element elementor-element-9c8105b elementor-section-full_width elementor-section-height-default elementor-section-height-default\" data-id=\"9c8105b\" data-element_type=\"section\" data-settings=\"{&quot;animation_mobile&quot;:&quot;none&quot;,&quot;background_background&quot;:&quot;classic&quot;}\">\n\t\t\t\t\t\t<div class=\"elementor-container elementor-column-gap-no\">\n\t\t\t\t\t<div class=\"elementor-column elementor-col-100 elementor-top-column elementor-element elementor-element-06df490\" data-id=\"06df490\" data-element_type=\"column\">\n\t\t\t<div class=\"elementor-widget-wrap elementor-element-populated\">\n\t\t\t\t\t\t<section class=\"elementor-section elementor-inner-section elementor-element elementor-element-e343c22 elementor-section-full_width elementor-section-height-default elementor-section-height-default\" data-id=\"e343c22\" data-element_type=\"section\" data-settings=\"{&quot;background_background&quot;:&quot;gradient&quot;}\">\n\t\t\t\t\t\t<div class=\"elementor-container elementor-column-gap-no\">\n\t\t\t\t\t<div class=\"elementor-column elementor-col-50 elementor-inner-column elementor-element elementor-element-beaadf5\" data-id=\"beaadf5\" data-element_type=\"column\" data-settings=\"{&quot;background_background&quot;:&quot;classic&quot;}\">\n\t\t\t<div class=\"elementor-widget-wrap elementor-element-populated\">\n\t\t\t\t\t\t<div class=\"elementor-element elementor-element-91a8fc9 elementor-align-right elementor-absolute elementor-widget elementor-widget-lottie\" data-id=\"91a8fc9\" data-element_type=\"widget\" data-settings=\"{&quot;source&quot;:&quot;external_url&quot;,&quot;source_external_url&quot;:{&quot;url&quot;:&quot;https:\\\/\\\/assets10.lottiefiles.com\\\/packages\\\/lf20_fyye8szy.json&quot;,&quot;is_external&quot;:&quot;&quot;,&quot;nofollow&quot;:&quot;&quot;,&quot;custom_attributes&quot;:&quot;&quot;},&quot;loop&quot;:&quot;yes&quot;,&quot;play_speed&quot;:{&quot;unit&quot;:&quot;px&quot;,&quot;size&quot;:0.5,&quot;sizes&quot;:[]},&quot;_position&quot;:&quot;absolute&quot;,&quot;link_to&quot;:&quot;none&quot;,&quot;trigger&quot;:&quot;arriving_to_viewport&quot;,&quot;viewport&quot;:{&quot;unit&quot;:&quot;%&quot;,&quot;size&quot;:&quot;&quot;,&quot;sizes&quot;:{&quot;start&quot;:0,&quot;end&quot;:100}},&quot;start_point&quot;:{&quot;unit&quot;:&quot;%&quot;,&quot;size&quot;:0,&quot;sizes&quot;:[]},&quot;end_point&quot;:{&quot;unit&quot;:&quot;%&quot;,&quot;size&quot;:100,&quot;sizes&quot;:[]},&quot;renderer&quot;:&quot;svg&quot;}\" data-widget_type=\"lottie.default\">\n\t\t\t\t<div class=\"elementor-widget-container\">\n\t\t\t<div class=\"e-lottie__container\"><div class=\"e-lottie__animation\"><\/div><\/div>\t\t<\/div>\n\t\t\t\t<\/div>\n\t\t\t\t\t<\/div>\n\t\t<\/div>\n\t\t\t\t<div class=\"elementor-column elementor-col-50 elementor-inner-column elementor-element elementor-element-7bae1a7\" data-id=\"7bae1a7\" data-element_type=\"column\" data-settings=\"{&quot;background_background&quot;:&quot;classic&quot;}\">\n\t\t\t<div class=\"elementor-widget-wrap elementor-element-populated\">\n\t\t\t\t\t\t<div class=\"elementor-element elementor-element-3833efa elementor-align-left elementor-tablet-align-left elementor-mobile-align-left elementor-widget elementor-widget-breadcrumbs\" data-id=\"3833efa\" data-element_type=\"widget\" data-widget_type=\"breadcrumbs.default\">\n\t\t\t\t<div class=\"elementor-widget-container\">\n\t\t\t<p id=\"breadcrumbs\"><\/p>\t\t<\/div>\n\t\t\t\t<\/div>\n\t\t\t\t\t<\/div>\n\t\t<\/div>\n\t\t\t\t\t<\/div>\n\t\t<\/section>\n\t\t\t\t\t<\/div>\n\t\t<\/div>\n\t\t\t\t\t<\/div>\n\t\t<\/section>\n\t\t\t\t<section class=\"elementor-section elementor-top-section elementor-element elementor-element-e166088 elementor-section-height-min-height elementor-reverse-mobile elementor-section-boxed elementor-section-height-default elementor-section-items-middle\" data-id=\"e166088\" data-element_type=\"section\" data-settings=\"{&quot;background_background&quot;:&quot;classic&quot;}\">\n\t\t\t\t\t\t<div class=\"elementor-container elementor-column-gap-default\">\n\t\t\t\t\t<div class=\"elementor-column elementor-col-50 elementor-top-column elementor-element elementor-element-f46180d\" data-id=\"f46180d\" data-element_type=\"column\" data-settings=\"{&quot;background_background&quot;:&quot;classic&quot;}\">\n\t\t\t<div class=\"elementor-widget-wrap elementor-element-populated\">\n\t\t\t\t\t\t<div class=\"elementor-element elementor-element-3a77a8f elementor-invisible elementor-widget elementor-widget-heading\" data-id=\"3a77a8f\" data-element_type=\"widget\" data-settings=\"{&quot;_animation&quot;:&quot;fadeIn&quot;}\" data-widget_type=\"heading.default\">\n\t\t\t\t<div class=\"elementor-widget-container\">\n\t\t\t<h2 class=\"elementor-heading-title elementor-size-default\">Series GWM 300 Chamsic<\/h2>\t\t<\/div>\n\t\t\t\t<\/div>\n\t\t\t\t<div class=\"elementor-element elementor-element-b2ece4c elementor-invisible elementor-widget elementor-widget-text-editor\" data-id=\"b2ece4c\" data-element_type=\"widget\" data-settings=\"{&quot;_animation&quot;:&quot;fadeIn&quot;}\" data-widget_type=\"text-editor.default\">\n\t\t\t\t<div class=\"elementor-widget-container\">\n\t\t\t\t\t\t\t<p><span style=\"font-weight: 400;\">Eine Maschine, so flexibel wie Ihre Produkte. Mit der Maschinenserie 300 setzen wir neue Ma\u00dfst\u00e4be in der Kabelherstellung. Flexibel, Energiesparend und innovativ. Die Module sind als Hei\u00dfluft-, Infrarot- oder Mikrowelleneinheit verf\u00fcgbar und k\u00f6nnen in beliebiger Reihenfolge angeordnet werden. Je nach Produkt kommen so genau die Energiequellen zum Einsatz, die f\u00fcr die Produktion Ihres Produktes ben\u00f6tigt werden. Jedes Modul beinhaltet dabei technologische Highlights. <\/span><\/p>\n<p><span style=\"font-weight: 400;\">In den Hei\u00dfluftmodulen lassen sich die Temperatur und die Luftstr\u00f6mungsgeschwindigkeit separat voneinander regeln. \u00dcber eine intelligente Umluftregelung ist der besonders energiesparende Betrieb in einem 100%igen Umluftprinzip m\u00f6glich. Je nach Anwendungsfall werden die Infraroteinheiten mit unterschiedlichen Lichtquellen und Wellenl\u00e4ngen ausgestattet. Obwohl die Mikrowellentechnik in der Elastomertechnik weit verbreitete ist, kommt diese in der Kabelindustrie nicht gro\u00df zum Einsatz. <\/span><\/p>\n<p><span style=\"font-weight: 400;\">Das von Gerlach patentierte \u201cgef\u00fchrte Welle\u201d Mikrowellensystem erlaubt es erstmalig auch silikonisierte Kabel mit Hilfe von Mikrowellenstrahlung zu vernetzen. Das er\u00f6ffnet neue M\u00f6glichkeiten in Bezug auf Produktionsgeschwindigkeit, Energieverbrauch und Anlagenl\u00e4ngen. <\/span><\/p>\t\t\t\t\t\t<\/div>\n\t\t\t\t<\/div>\n\t\t\t\t<div class=\"elementor-element elementor-element-b3314c4 elementor-align-left elementor-invisible elementor-widget elementor-widget-button\" data-id=\"b3314c4\" data-element_type=\"widget\" data-settings=\"{&quot;_animation&quot;:&quot;fadeIn&quot;}\" data-widget_type=\"button.default\">\n\t\t\t\t<div class=\"elementor-widget-container\">\n\t\t\t\t\t\t\t<div class=\"elementor-button-wrapper\">\n\t\t\t\t\t<a class=\"elementor-button elementor-button-link elementor-size-xs\" href=\"https:\/\/cable.gerlach-machinery.com\/de\/start\/produkte\/serie-gwm-300-chamsic\/\" target=\"_blank\">\n\t\t\t\t\t\t<span class=\"elementor-button-content-wrapper\">\n\t\t\t\t\t\t\t\t\t<span class=\"elementor-button-text\">Produktseite ansehen<\/span>\n\t\t\t\t\t<\/span>\n\t\t\t\t\t<\/a>\n\t\t\t\t<\/div>\n\t\t\t\t\t\t<\/div>\n\t\t\t\t<\/div>\n\t\t\t\t\t<\/div>\n\t\t<\/div>\n\t\t\t\t<div class=\"elementor-column elementor-col-50 elementor-top-column elementor-element elementor-element-9503550\" data-id=\"9503550\" data-element_type=\"column\">\n\t\t\t<div class=\"elementor-widget-wrap elementor-element-populated\">\n\t\t\t\t\t\t<div class=\"elementor-element elementor-element-7e04463 elementor-invisible elementor-widget elementor-widget-image\" data-id=\"7e04463\" data-element_type=\"widget\" data-settings=\"{&quot;_animation&quot;:&quot;fadeIn&quot;}\" data-widget_type=\"image.default\">\n\t\t\t\t<div class=\"elementor-widget-container\">\n\t\t\t\t\t\t\t\t\t\t\t\t\t<img fetchpriority=\"high\" decoding=\"async\" width=\"800\" height=\"450\" src=\"https:\/\/cable.gerlach-machinery.com\/wp-content\/uploads\/2021\/02\/machinewire.png\" class=\"attachment-large size-large wp-image-6026\" alt=\"\" srcset=\"https:\/\/cable.gerlach-machinery.com\/wp-content\/uploads\/2021\/02\/machinewire.png 800w, https:\/\/cable.gerlach-machinery.com\/wp-content\/uploads\/2021\/02\/machinewire-300x169.png 300w, https:\/\/cable.gerlach-machinery.com\/wp-content\/uploads\/2021\/02\/machinewire-768x432.png 768w\" sizes=\"(max-width: 800px) 100vw, 800px\" \/>\t\t\t\t\t\t\t\t\t\t\t\t\t<\/div>\n\t\t\t\t<\/div>\n\t\t\t\t\t<\/div>\n\t\t<\/div>\n\t\t\t\t\t<\/div>\n\t\t<\/section>\n\t\t\t\t<section class=\"elementor-section elementor-top-section elementor-element elementor-element-f45d590 elementor-section-height-min-height elementor-reverse-mobile elementor-section-boxed elementor-section-height-default elementor-section-items-middle\" data-id=\"f45d590\" data-element_type=\"section\" data-settings=\"{&quot;background_background&quot;:&quot;classic&quot;}\">\n\t\t\t\t\t\t<div class=\"elementor-container elementor-column-gap-default\">\n\t\t\t\t\t<div class=\"elementor-column elementor-col-50 elementor-top-column elementor-element elementor-element-19cec69\" data-id=\"19cec69\" data-element_type=\"column\" data-settings=\"{&quot;background_background&quot;:&quot;classic&quot;}\">\n\t\t\t<div class=\"elementor-widget-wrap elementor-element-populated\">\n\t\t\t\t\t\t<div class=\"elementor-element elementor-element-5865955 elementor-invisible elementor-widget elementor-widget-heading\" data-id=\"5865955\" data-element_type=\"widget\" data-settings=\"{&quot;_animation&quot;:&quot;fadeIn&quot;}\" data-widget_type=\"heading.default\">\n\t\t\t\t<div class=\"elementor-widget-container\">\n\t\t\t<h2 class=\"elementor-heading-title elementor-size-default\">PTFE Hex 330<\/h2>\t\t<\/div>\n\t\t\t\t<\/div>\n\t\t\t\t<div class=\"elementor-element elementor-element-0402353 elementor-invisible elementor-widget elementor-widget-text-editor\" data-id=\"0402353\" data-element_type=\"widget\" data-settings=\"{&quot;_animation&quot;:&quot;fadeIn&quot;}\" data-widget_type=\"text-editor.default\">\n\t\t\t\t<div class=\"elementor-widget-container\">\n\t\t\t\t\t\t\t<p><span style=\"font-weight: 400;\">Mit der Maschinenserie Hex 330 bieten wir ein Anlagenkonzept zum sintern von PTFE bandierten Kabeln und Leitern. Jedes Modul ist 3m lang und verf\u00fcgt \u00fcber 18 Infrarot Dunkelstrahler.<\/span><span style=\"font-weight: 400;\"><br \/><\/span><span style=\"font-weight: 400;\">Die \u00d6ffnung der Anlage hat die Abmessung 90&#215;90 mm. Durch eine spezielle Blende kann die \u00d6ffnung nach dem R\u00fcsten auf ein Minimum reduziert werden. Die Strahler sind in einem wechselnden Sechseck montiert um die Verschattungen bei der gleichzeitgen Verarbeitung mehrere Kabeln oder Adern zu eliminieren.<\/span><\/p>\n<p><span style=\"font-weight: 400;\">Am Einlauf und Auslauf der Anlage befindet sich eine Rollenaufnahme f\u00fcr die Aufnahme von 3 Kabeln. Ein \u00f6ffnen der Anlage ist nur zu Wartungszwecken erforderlich. Der R\u00fcstvorgang erfolgt bei geschlossenem Deckel. Dazu werden die Kabel an einer Einzughilfe befestigt, die die Leitungen bei geschlossensem Deckel durch die Anlage zieht.<\/span><\/p>\t\t\t\t\t\t<\/div>\n\t\t\t\t<\/div>\n\t\t\t\t<div class=\"elementor-element elementor-element-19bb738 elementor-align-left elementor-invisible elementor-widget elementor-widget-button\" data-id=\"19bb738\" data-element_type=\"widget\" data-settings=\"{&quot;_animation&quot;:&quot;fadeIn&quot;}\" data-widget_type=\"button.default\">\n\t\t\t\t<div class=\"elementor-widget-container\">\n\t\t\t\t\t\t\t<div class=\"elementor-button-wrapper\">\n\t\t\t\t\t<a class=\"elementor-button elementor-button-link elementor-size-xs\" href=\"https:\/\/cable.gerlach-machinery.com\/de\/start\/produkte\/ptfe-hex-330\/\" target=\"_blank\">\n\t\t\t\t\t\t<span class=\"elementor-button-content-wrapper\">\n\t\t\t\t\t\t\t\t\t<span class=\"elementor-button-text\">Produktseite ansehen<\/span>\n\t\t\t\t\t<\/span>\n\t\t\t\t\t<\/a>\n\t\t\t\t<\/div>\n\t\t\t\t\t\t<\/div>\n\t\t\t\t<\/div>\n\t\t\t\t\t<\/div>\n\t\t<\/div>\n\t\t\t\t<div class=\"elementor-column elementor-col-50 elementor-top-column elementor-element elementor-element-333648b\" data-id=\"333648b\" data-element_type=\"column\">\n\t\t\t<div class=\"elementor-widget-wrap elementor-element-populated\">\n\t\t\t\t\t\t<div class=\"elementor-element elementor-element-59737bc elementor-invisible elementor-widget elementor-widget-image\" data-id=\"59737bc\" data-element_type=\"widget\" data-settings=\"{&quot;_animation&quot;:&quot;fadeIn&quot;}\" data-widget_type=\"image.default\">\n\t\t\t\t<div class=\"elementor-widget-container\">\n\t\t\t\t\t\t\t\t\t\t\t\t\t<img decoding=\"async\" width=\"800\" height=\"616\" src=\"https:\/\/cable.gerlach-machinery.com\/wp-content\/uploads\/2022\/04\/KS218291653.384-min-e1654167731446-1024x788.png\" class=\"attachment-large size-large wp-image-9143\" alt=\"\" srcset=\"https:\/\/cable.gerlach-machinery.com\/wp-content\/uploads\/2022\/04\/KS218291653.384-min-e1654167731446-1024x788.png 1024w, https:\/\/cable.gerlach-machinery.com\/wp-content\/uploads\/2022\/04\/KS218291653.384-min-e1654167731446-300x231.png 300w, https:\/\/cable.gerlach-machinery.com\/wp-content\/uploads\/2022\/04\/KS218291653.384-min-e1654167731446-768x591.png 768w, https:\/\/cable.gerlach-machinery.com\/wp-content\/uploads\/2022\/04\/KS218291653.384-min-e1654167731446-1536x1182.png 1536w, https:\/\/cable.gerlach-machinery.com\/wp-content\/uploads\/2022\/04\/KS218291653.384-min-e1654167731446.png 1560w\" sizes=\"(max-width: 800px) 100vw, 800px\" \/>\t\t\t\t\t\t\t\t\t\t\t\t\t<\/div>\n\t\t\t\t<\/div>\n\t\t\t\t\t<\/div>\n\t\t<\/div>\n\t\t\t\t\t<\/div>\n\t\t<\/section>\n\t\t\t\t<\/div>\n\t\t","protected":false},"excerpt":{"rendered":"<p>PRODUKTE CABLE DIVISION Series GWM 300 Chamsic Eine Maschine, so flexibel wie Ihre Produkte. Mit der Maschinenserie 300 setzen wir neue Ma\u00dfst\u00e4be in der Kabelherstellung. Flexibel, Energiesparend und innovativ. Die Module sind als Hei\u00dfluft-, Infrarot- oder Mikrowelleneinheit verf\u00fcgbar und k\u00f6nnen in beliebiger Reihenfolge angeordnet werden. Je nach Produkt kommen so genau die Energiequellen zum Einsatz, [&hellip;]<\/p>\n","protected":false},"author":2,"featured_media":9127,"parent":9602,"menu_order":0,"comment_status":"closed","ping_status":"open","template":"elementor_header_footer","meta":{"footnotes":""},"class_list":["post-8175","page","type-page","status-publish","has-post-thumbnail","hentry"],"yoast_head":"<!-- This site is optimized with the Yoast SEO plugin v23.9 - https:\/\/yoast.com\/wordpress\/plugins\/seo\/ -->\n<title>Produkte | GERLACH CABLE DIVISION<\/title>\n<meta name=\"description\" content=\"Entdecken Sie unsere Speziall\u00f6sungen explizit f\u00fcr die Herstellung von silikonisierten und gummierten Kabeln und Aderleitungen.\" \/>\n<meta name=\"robots\" content=\"index, follow, max-snippet:-1, max-image-preview:large, max-video-preview:-1\" \/>\n<link rel=\"canonical\" href=\"https:\/\/cable.gerlach-machinery.com\/home\/products\/\" \/>\n<meta property=\"og:locale\" content=\"de_DE\" \/>\n<meta property=\"og:type\" content=\"article\" \/>\n<meta property=\"og:title\" content=\"Produkte | GERLACH CABLE DIVISION\" \/>\n<meta property=\"og:description\" content=\"Entdecken Sie unsere Speziall\u00f6sungen explizit f\u00fcr die Herstellung von silikonisierten und gummierten Kabeln und Aderleitungen.\" \/>\n<meta property=\"og:url\" content=\"https:\/\/cable.gerlach-machinery.com\/home\/products\/\" \/>\n<meta property=\"og:site_name\" content=\"Gerlach Maschinenbau GmbH - Cable Division\" \/>\n<meta property=\"article:modified_time\" content=\"2022-08-17T14:53:45+00:00\" \/>\n<meta property=\"og:image\" content=\"https:\/\/cable.gerlach-machinery.com\/wp-content\/uploads\/2022\/04\/Kabel-netzungen.336-min.png\" \/>\n\t<meta property=\"og:image:width\" content=\"1920\" \/>\n\t<meta property=\"og:image:height\" content=\"1080\" \/>\n\t<meta property=\"og:image:type\" content=\"image\/png\" \/>\n<meta name=\"twitter:card\" content=\"summary_large_image\" \/>\n<meta name=\"twitter:label1\" content=\"Gesch\u00e4tzte Lesezeit\" \/>\n\t<meta name=\"twitter:data1\" content=\"2\u00a0Minuten\" \/>\n<script type=\"application\/ld+json\" class=\"yoast-schema-graph\">{\"@context\":\"https:\/\/schema.org\",\"@graph\":[{\"@type\":\"WebPage\",\"@id\":\"https:\/\/cable.gerlach-machinery.com\/home\/products\/\",\"url\":\"https:\/\/cable.gerlach-machinery.com\/home\/products\/\",\"name\":\"Produkte | GERLACH CABLE DIVISION\",\"isPartOf\":{\"@id\":\"https:\/\/cable.gerlach-machinery.com\/#website\"},\"primaryImageOfPage\":{\"@id\":\"https:\/\/cable.gerlach-machinery.com\/home\/products\/#primaryimage\"},\"image\":{\"@id\":\"https:\/\/cable.gerlach-machinery.com\/home\/products\/#primaryimage\"},\"thumbnailUrl\":\"https:\/\/cable.gerlach-machinery.com\/wp-content\/uploads\/2022\/04\/Kabel-netzungen.336-min.png\",\"datePublished\":\"2021-02-22T10:31:14+00:00\",\"dateModified\":\"2022-08-17T14:53:45+00:00\",\"description\":\"Entdecken Sie unsere Speziall\u00f6sungen explizit f\u00fcr die Herstellung von silikonisierten und gummierten Kabeln und Aderleitungen.\",\"breadcrumb\":{\"@id\":\"https:\/\/cable.gerlach-machinery.com\/home\/products\/#breadcrumb\"},\"inLanguage\":\"de\",\"potentialAction\":[{\"@type\":\"ReadAction\",\"target\":[\"https:\/\/cable.gerlach-machinery.com\/home\/products\/\"]}]},{\"@type\":\"ImageObject\",\"inLanguage\":\"de\",\"@id\":\"https:\/\/cable.gerlach-machinery.com\/home\/products\/#primaryimage\",\"url\":\"https:\/\/cable.gerlach-machinery.com\/wp-content\/uploads\/2022\/04\/Kabel-netzungen.336-min.png\",\"contentUrl\":\"https:\/\/cable.gerlach-machinery.com\/wp-content\/uploads\/2022\/04\/Kabel-netzungen.336-min.png\",\"width\":1920,\"height\":1080},{\"@type\":\"BreadcrumbList\",\"@id\":\"https:\/\/cable.gerlach-machinery.com\/home\/products\/#breadcrumb\",\"itemListElement\":[{\"@type\":\"ListItem\",\"position\":1,\"name\":\"Start\",\"item\":\"https:\/\/cable.gerlach-machinery.com\/\"},{\"@type\":\"ListItem\",\"position\":2,\"name\":\"Produkte\"}]},{\"@type\":\"WebSite\",\"@id\":\"https:\/\/cable.gerlach-machinery.com\/#website\",\"url\":\"https:\/\/cable.gerlach-machinery.com\/\",\"name\":\"Gerlach Maschinenbau GmbH - Cable Division\",\"description\":\"Cable Division | Hot Air Vulcanization\",\"potentialAction\":[{\"@type\":\"SearchAction\",\"target\":{\"@type\":\"EntryPoint\",\"urlTemplate\":\"https:\/\/cable.gerlach-machinery.com\/?s={search_term_string}\"},\"query-input\":{\"@type\":\"PropertyValueSpecification\",\"valueRequired\":true,\"valueName\":\"search_term_string\"}}],\"inLanguage\":\"de\"}]}<\/script>\n<!-- \/ Yoast SEO plugin. -->","yoast_head_json":{"title":"Produkte | GERLACH CABLE DIVISION","description":"Entdecken Sie unsere Speziall\u00f6sungen explizit f\u00fcr die Herstellung von silikonisierten und gummierten Kabeln und Aderleitungen.","robots":{"index":"index","follow":"follow","max-snippet":"max-snippet:-1","max-image-preview":"max-image-preview:large","max-video-preview":"max-video-preview:-1"},"canonical":"https:\/\/cable.gerlach-machinery.com\/home\/products\/","og_locale":"de_DE","og_type":"article","og_title":"Produkte | GERLACH CABLE DIVISION","og_description":"Entdecken Sie unsere Speziall\u00f6sungen explizit f\u00fcr die Herstellung von silikonisierten und gummierten Kabeln und Aderleitungen.","og_url":"https:\/\/cable.gerlach-machinery.com\/home\/products\/","og_site_name":"Gerlach Maschinenbau GmbH - Cable Division","article_modified_time":"2022-08-17T14:53:45+00:00","og_image":[{"width":1920,"height":1080,"url":"https:\/\/cable.gerlach-machinery.com\/wp-content\/uploads\/2022\/04\/Kabel-netzungen.336-min.png","type":"image\/png"}],"twitter_card":"summary_large_image","twitter_misc":{"Gesch\u00e4tzte Lesezeit":"2\u00a0Minuten"},"schema":{"@context":"https:\/\/schema.org","@graph":[{"@type":"WebPage","@id":"https:\/\/cable.gerlach-machinery.com\/home\/products\/","url":"https:\/\/cable.gerlach-machinery.com\/home\/products\/","name":"Produkte | GERLACH CABLE DIVISION","isPartOf":{"@id":"https:\/\/cable.gerlach-machinery.com\/#website"},"primaryImageOfPage":{"@id":"https:\/\/cable.gerlach-machinery.com\/home\/products\/#primaryimage"},"image":{"@id":"https:\/\/cable.gerlach-machinery.com\/home\/products\/#primaryimage"},"thumbnailUrl":"https:\/\/cable.gerlach-machinery.com\/wp-content\/uploads\/2022\/04\/Kabel-netzungen.336-min.png","datePublished":"2021-02-22T10:31:14+00:00","dateModified":"2022-08-17T14:53:45+00:00","description":"Entdecken Sie unsere Speziall\u00f6sungen explizit f\u00fcr die Herstellung von silikonisierten und gummierten Kabeln und Aderleitungen.","breadcrumb":{"@id":"https:\/\/cable.gerlach-machinery.com\/home\/products\/#breadcrumb"},"inLanguage":"de","potentialAction":[{"@type":"ReadAction","target":["https:\/\/cable.gerlach-machinery.com\/home\/products\/"]}]},{"@type":"ImageObject","inLanguage":"de","@id":"https:\/\/cable.gerlach-machinery.com\/home\/products\/#primaryimage","url":"https:\/\/cable.gerlach-machinery.com\/wp-content\/uploads\/2022\/04\/Kabel-netzungen.336-min.png","contentUrl":"https:\/\/cable.gerlach-machinery.com\/wp-content\/uploads\/2022\/04\/Kabel-netzungen.336-min.png","width":1920,"height":1080},{"@type":"BreadcrumbList","@id":"https:\/\/cable.gerlach-machinery.com\/home\/products\/#breadcrumb","itemListElement":[{"@type":"ListItem","position":1,"name":"Start","item":"https:\/\/cable.gerlach-machinery.com\/"},{"@type":"ListItem","position":2,"name":"Produkte"}]},{"@type":"WebSite","@id":"https:\/\/cable.gerlach-machinery.com\/#website","url":"https:\/\/cable.gerlach-machinery.com\/","name":"Gerlach Maschinenbau GmbH - Cable Division","description":"Cable Division | Hot Air Vulcanization","potentialAction":[{"@type":"SearchAction","target":{"@type":"EntryPoint","urlTemplate":"https:\/\/cable.gerlach-machinery.com\/?s={search_term_string}"},"query-input":{"@type":"PropertyValueSpecification","valueRequired":true,"valueName":"search_term_string"}}],"inLanguage":"de"}]}},"_links":{"self":[{"href":"https:\/\/cable.gerlach-machinery.com\/de\/wp-json\/wp\/v2\/pages\/8175","targetHints":{"allow":["GET"]}}],"collection":[{"href":"https:\/\/cable.gerlach-machinery.com\/de\/wp-json\/wp\/v2\/pages"}],"about":[{"href":"https:\/\/cable.gerlach-machinery.com\/de\/wp-json\/wp\/v2\/types\/page"}],"author":[{"embeddable":true,"href":"https:\/\/cable.gerlach-machinery.com\/de\/wp-json\/wp\/v2\/users\/2"}],"replies":[{"embeddable":true,"href":"https:\/\/cable.gerlach-machinery.com\/de\/wp-json\/wp\/v2\/comments?post=8175"}],"version-history":[{"count":7,"href":"https:\/\/cable.gerlach-machinery.com\/de\/wp-json\/wp\/v2\/pages\/8175\/revisions"}],"predecessor-version":[{"id":12619,"href":"https:\/\/cable.gerlach-machinery.com\/de\/wp-json\/wp\/v2\/pages\/8175\/revisions\/12619"}],"up":[{"embeddable":true,"href":"https:\/\/cable.gerlach-machinery.com\/de\/wp-json\/wp\/v2\/pages\/9602"}],"wp:featuredmedia":[{"embeddable":true,"href":"https:\/\/cable.gerlach-machinery.com\/de\/wp-json\/wp\/v2\/media\/9127"}],"wp:attachment":[{"href":"https:\/\/cable.gerlach-machinery.com\/de\/wp-json\/wp\/v2\/media?parent=8175"}],"curies":[{"name":"wp","href":"https:\/\/api.w.org\/{rel}","templated":true}]}}